{"id":26,"date":"2025-11-06T13:49:10","date_gmt":"2025-11-06T12:49:10","guid":{"rendered":"https:\/\/biodanza.com\/2023\/?page_id=26"},"modified":"2025-12-10T10:50:11","modified_gmt":"2025-12-10T09:50:11","slug":"home","status":"publish","type":"page","link":"https:\/\/biodanza.com\/2023\/","title":{"rendered":"Home"},"content":{"rendered":"\n<div class=\"wp-block-cover alignfull is-light has-parallax wp-duotone-unset-1\" style=\"margin-top:0;padding-top:48px;padding-right:48px;padding-bottom:48px;padding-left:48px;min-height:66vh;aspect-ratio:unset;\"><div class=\"wp-block-cover__image-background wp-image-29 size-large has-parallax\" style=\"background-position:50% 50%;background-image:url(https:\/\/biodanza.com\/2023\/wp-content\/uploads\/2025\/11\/IMG_3650-1024x768.jpeg)\"><\/div><span aria-hidden=\"true\" class=\"wp-block-cover__background has-background-dim-10 has-background-dim\"><\/span><div class=\"wp-block-cover__inner-container is-layout-flow wp-block-cover-is-layout-flow\">\n<div class=\"wp-block-group has-global-padding is-layout-constrained wp-container-core-group-is-layout-4582f6a7 wp-block-group-is-layout-constrained\">\n<div style=\"height:72px\" aria-hidden=\"true\" class=\"wp-block-spacer\"><\/div>\n\n\n\n<h2 class=\"wp-block-heading has-text-align-center has-white-color has-text-color\" style=\"font-size:clamp(32.969px, 2.061rem + ((1vw - 3.2px) * 2.552), 59px);font-style:normal;font-weight:700;letter-spacing:0px;line-height:1;text-transform:uppercase\"><br><br><br><br><br>Tanz dein leben!<\/h2>\n<\/div>\n\n\n\n<div class=\"wp-block-buttons is-content-justification-center is-layout-flex wp-container-core-buttons-is-layout-a89b3969 wp-block-buttons-is-layout-flex\">\n<div class=\"wp-block-button is-style-fill\"><a class=\"wp-block-button__link has-contrast-color has-text-color has-background has-link-color wp-element-button\" href=\"https:\/\/biodanza.us7.list-manage.com\/subscribe?u=e5433d33ad68805627b67691e&amp;id=3363a15fb5\" style=\"background-color:#f5cef3c2\" target=\"_blank\" rel=\"noreferrer noopener\">Newsletter abonnieren<\/a><\/div>\n<\/div>\n<\/div><\/div>\n\n\n\n<div class=\"wp-block-group has-global-padding is-layout-constrained wp-block-group-is-layout-constrained\">\n<div style=\"height:80px\" aria-hidden=\"true\" class=\"wp-block-spacer\"><\/div>\n\n\n\n<h2 class=\"wp-block-heading\">Was ist Biodanza<\/h2>\n\n\n\n<p>Biodanza wurde in den 60er Jahren vom chilenischen P\u00e4dagogen, Psychologen, Anthropologen und K\u00fcnstler Prof. Rolando Toro begr\u00fcndet. Er verband uraltes Wissen \u00fcber die Heil- und Ausdruckskraft des Tanzes mit neuen wissenschaftlichen Erkenntnissen. Biodanza zu beschreiben, ist genauso schwer, wie Liebe oder Lebenskunst zu beschreiben. Nur durch Erleben kann ich die gesamte Bedeutung von Biodanza erfassen. Biodanza orientiert sich an der F\u00fclle, nicht am Mangel. Es er\u00f6ffnet dir das Universum deiner M\u00f6glichkeiten.<\/p>\n<\/div>\n\n\n\n<div style=\"height:80px\" aria-hidden=\"true\" class=\"wp-block-spacer\"><\/div>\n\n\n\n<div class=\"wp-block-columns alignwide is-layout-flex wp-container-core-columns-is-layout-28f84493 wp-block-columns-is-layout-flex\">\n<div class=\"wp-block-column is-layout-flow wp-block-column-is-layout-flow\">\n<figure class=\"wp-block-image size-large\"><img loading=\"lazy\" decoding=\"async\" width=\"1024\" height=\"580\" src=\"https:\/\/biodanza.com\/2023\/wp-content\/uploads\/2025\/11\/ManjuRolando-1024x580.jpg\" alt=\"\" class=\"wp-image-43\" srcset=\"https:\/\/biodanza.com\/2023\/wp-content\/uploads\/2025\/11\/ManjuRolando-1024x580.jpg 1024w, https:\/\/biodanza.com\/2023\/wp-content\/uploads\/2025\/11\/ManjuRolando-300x170.jpg 300w, https:\/\/biodanza.com\/2023\/wp-content\/uploads\/2025\/11\/ManjuRolando-768x435.jpg 768w, https:\/\/biodanza.com\/2023\/wp-content\/uploads\/2025\/11\/ManjuRolando.jpg 1280w\" sizes=\"auto, (max-width: 1024px) 100vw, 1024px\" \/><\/figure>\n<\/div>\n\n\n\n<div class=\"wp-block-column is-vertically-aligned-center is-layout-flow wp-block-column-is-layout-flow\">\n<blockquote class=\"wp-block-quote is-layout-flow wp-block-quote-is-layout-flow\">\n<p><em>Wenn Biodanza uns zur Kunst des Lebens f\u00fchrt l\u00e4dt es uns zum gro\u00dfen kosmischen Tanz ein. Seine Ressourcen sind universell: musikalischer Rhythmus und Harmonie, organische Bewegung, Sch\u00f6pfung und liebevolle Begegnung.<\/em><\/p>\n<cite>Rolando Toro<\/cite><\/blockquote>\n<\/div>\n<\/div>\n\n\n\n<div style=\"height:80px\" aria-hidden=\"true\" class=\"wp-block-spacer\"><\/div>\n\n\n\n<div class=\"wp-block-columns alignfull is-style-section-2 has-contrast-color has-accent-2-background-color has-text-color has-background has-link-color wp-elements-63225edf00df56f9eab5aaa4c9c8e26b is-layout-flex wp-container-core-columns-is-layout-28f84493 wp-block-columns-is-layout-flex is-style-section-2--2\">\n<div class=\"wp-block-column is-layout-flow wp-block-column-is-layout-flow\">\n<div class=\"wp-block-group is-style-default has-global-padding is-layout-constrained wp-block-group-is-layout-constrained\">\n<div style=\"height:38px\" aria-hidden=\"true\" class=\"wp-block-spacer\"><\/div>\n\n\n\n<h2 class=\"wp-block-heading\" id=\"mentoring\"><strong>Mentoring<\/strong><\/h2>\n\n\n\n<ul class=\"wp-block-list\">\n<li>Du brauchst Unterst\u00fctzung auf deinem Weg mit Biodanza?<br><\/li>\n\n\n\n<li>Du z\u00f6gerst noch, deine Ausbildung abzuschlie\u00dfen?<br><\/li>\n\n\n\n<li>Dir fehlt der letzte Motivationsschub, um mit dem Unterrichten zu beginnen?<br><\/li>\n\n\n\n<li>Es fehlen dir noch einzelne Module oder Supervisionen?<br><\/li>\n\n\n\n<li>Du interessierst dich gerade erst f\u00fcr die Biodanza-Ausbildung?<br><br><\/li>\n<\/ul>\n\n\n\n<p>Ich unterst\u00fctze dich gerne \u2013 mit Erfahrung, Klarheit und Herz.<br>Stell mir gerne eine <a href=\"mailto:biodanza@biodanza.com\">unverbindliche Anfrage<\/a>!<\/p>\n\n\n\n<div style=\"height:42px\" aria-hidden=\"true\" class=\"wp-block-spacer\"><\/div>\n<\/div>\n<\/div>\n<\/div>\n\n\n\n<div style=\"height:80px\" aria-hidden=\"true\" class=\"wp-block-spacer\"><\/div>\n\n\n\n<blockquote class=\"wp-block-quote has-text-align-center is-style-large has-small-font-size is-layout-flow wp-block-quote-is-layout-flow\">\n<p class=\"has-large-font-size\">\u201eDas menschliche Leben kann mit einem Baum verglichen werden, der aus einem Samenkorn sprie\u00dft und stark und fruchtbar wird, gen\u00e4hrt vom uralten Saft der Liebe. Er bl\u00fcht und tr\u00e4gt so reichlich Fr\u00fcchte, dass seine Zweige unter der Last der Fr\u00fcchte zerbrechen.&#8220;<\/p>\n<cite>\u2013 Rolando Toro<\/cite><\/blockquote>\n\n\n\n<div style=\"height:80px\" aria-hidden=\"true\" class=\"wp-block-spacer\"><\/div>\n\n\n\n<div class=\"wp-block-cover alignfull has-parallax\" style=\"min-height:642px;aspect-ratio:unset;\"><div class=\"wp-block-cover__image-background wp-image-298 size-large has-parallax\" style=\"background-position:53% 17%;background-image:url(https:\/\/biodanza.com\/2023\/wp-content\/uploads\/2025\/11\/IMG_9765-768x1024.jpg)\"><\/div><span aria-hidden=\"true\" class=\"wp-block-cover__background has-contrast-background-color has-background-dim\"><\/span><div class=\"wp-block-cover__inner-container has-global-padding is-layout-constrained wp-block-cover-is-layout-constrained\">\n<div style=\"height:50px\" aria-hidden=\"true\" class=\"wp-block-spacer\"><\/div>\n\n\n\n<h5 class=\"wp-block-heading has-text-align-left has-base-color has-text-color has-link-color has-x-large-font-size wp-elements-76b10361411dbe0941c4f3e1cc667a2c\" id=\"\u00fcbermich\"><strong>\u00dcber mich<\/strong><\/h5>\n\n\n\n<p class=\"has-base-color has-text-color has-link-color wp-elements-68100f6a26660183089823d0314c7e7b\">1992 lernte ich Rolando Toro Araneda, den Begr\u00fcnder von Biodanza, kennen \u2013 und war sofort begeistert! Kurz darauf lud ich ihn nach Wien ein und entschied mich, meine Ausbildung direkt bei ihm in Italien zu absolvieren.<br><br>Als erste diplomierte Biodanza-Lehrerin \u00d6sterreichs gr\u00fcndete ich die erste Biodanza-Schule in Wien. Dort durfte ich \u00fcber 70 Lehrer*innen auf ihrem Weg begleiten und ausbilden.<br><br>Heute, im Ruhestand, gebe ich mein Wissen und meine Erfahrung als Mentorin weiter. Mit \u00fcber 30 Jahren Berufserfahrung unterst\u00fctze ich angehende Kolleginnen beim Einstieg in ihr Berufsleben mit Biodanza. Schau auch ins <a href=\"https:\/\/biodanza.com\/archiv\/\" target=\"_blank\" rel=\"noreferrer noopener\">Archiv <\/a>\u2013 dort findest du spannende Einblicke und Erinnerungen aus drei Jahrzehnten gelebter Biodanza-Praxis!<\/p>\n\n\n\n<div style=\"height:20px\" aria-hidden=\"true\" class=\"wp-block-spacer\"><\/div>\n<\/div><\/div>\n\n\n\n<div style=\"height:93px\" aria-hidden=\"true\" class=\"wp-block-spacer\"><\/div>\n\n\n\n<div class=\"wp-block-columns alignwide is-style-default is-layout-flex wp-container-core-columns-is-layout-28f84493 wp-block-columns-is-layout-flex\">\n<div class=\"wp-block-column is-layout-flow wp-block-column-is-layout-flow\">\n<figure class=\"wp-block-image size-large\"><img loading=\"lazy\" decoding=\"async\" width=\"1024\" height=\"635\" src=\"https:\/\/biodanza.com\/2023\/wp-content\/uploads\/2025\/11\/IMG_8904-1-scaled-e1762513132438-1024x635.jpg\" alt=\"\" class=\"wp-image-64\" srcset=\"https:\/\/biodanza.com\/2023\/wp-content\/uploads\/2025\/11\/IMG_8904-1-scaled-e1762513132438-1024x635.jpg 1024w, https:\/\/biodanza.com\/2023\/wp-content\/uploads\/2025\/11\/IMG_8904-1-scaled-e1762513132438-300x186.jpg 300w, https:\/\/biodanza.com\/2023\/wp-content\/uploads\/2025\/11\/IMG_8904-1-scaled-e1762513132438-768x476.jpg 768w, https:\/\/biodanza.com\/2023\/wp-content\/uploads\/2025\/11\/IMG_8904-1-scaled-e1762513132438-1536x952.jpg 1536w, https:\/\/biodanza.com\/2023\/wp-content\/uploads\/2025\/11\/IMG_8904-1-scaled-e1762513132438-2048x1270.jpg 2048w\" sizes=\"auto, (max-width: 1024px) 100vw, 1024px\" \/><\/figure>\n<\/div>\n\n\n\n<div class=\"wp-block-column is-vertically-aligned-center is-layout-flow wp-block-column-is-layout-flow\">\n<blockquote class=\"wp-block-quote is-layout-flow wp-block-quote-is-layout-flow\">\n<p><em><em>Die menschlichen Wesen, Pflanzen oder der Staub, wir alle tanzen nach einer geheimnisvollen Melodie, die ein unsichtbarer Spieler in den Fernen des Weltalls anstimmt.<\/em><\/em><\/p>\n<cite>Albert Einstein<\/cite><\/blockquote>\n<\/div>\n<\/div>\n\n\n\n<div style=\"height:72px\" aria-hidden=\"true\" class=\"wp-block-spacer\"><\/div>\n\n\n\n<div class=\"wp-block-columns alignfull is-style-default has-contrast-color has-base-background-color has-text-color has-background has-link-color wp-elements-9990d95e44652d12c57002763321e9f0 is-layout-flex wp-container-core-columns-is-layout-28f84493 wp-block-columns-is-layout-flex\">\n<div class=\"wp-block-column is-style-default has-large-font-size has-global-padding is-layout-constrained wp-container-core-column-is-layout-859377d0 wp-block-column-is-layout-constrained\" style=\"padding-top:0;padding-right:0;padding-bottom:0;padding-left:0\">\n<h2 class=\"wp-block-heading\" id=\"kontakt\">Kontakt<\/h2>\n\n\n\n<p class=\"has-text-align-left\">Waltraud MANJU P\u00f6llmann<br>+43 664 38 32 897 (nur Whatsapp oder Signal)<br><a href=\"mailto:biodanza@biodanza.com\">biodanza@biodanza.com<\/a><br><br><a href=\"https:\/\/www.facebook.com\/share\/1F75BcseV7\/?mibextid=wwXIfr\" target=\"_blank\" rel=\"noreferrer noopener\">facebook<\/a><br>instagram<br><br><a href=\"https:\/\/biodanza.us7.list-manage.com\/subscribe?u=e5433d33ad68805627b67691e&amp;id=3363a15fb5\" target=\"_blank\" rel=\"noreferrer noopener\">Newsletter abonnieren<\/a><br><br><a href=\"https:\/\/biodanza.com\/archiv\/\" target=\"_blank\" rel=\"noreferrer noopener\">Bilder zum Archiv und zu meinem Wirken von 1995 bis 2023<\/a><\/p>\n<\/div>\n<\/div>\n\n\n\n<div style=\"height:72px\" aria-hidden=\"true\" class=\"wp-block-spacer\"><\/div>\n\n\n\n<div class=\"wp-block-cover alignfull has-parallax\" style=\"min-height:313px;aspect-ratio:unset;\"><div class=\"wp-block-cover__image-background wp-image-110 size-large has-parallax\" style=\"background-position:50% 50%;background-image:url(https:\/\/biodanza.com\/2023\/wp-content\/uploads\/2025\/11\/IMG_8885-1024x768.jpg)\"><\/div><span aria-hidden=\"true\" class=\"wp-block-cover__background has-accent-3-background-color has-background-dim-0 has-background-dim\"><\/span><div class=\"wp-block-cover__inner-container has-global-padding is-layout-constrained wp-block-cover-is-layout-constrained\">\n<p class=\"has-text-align-center has-large-font-size\"><\/p>\n<\/div><\/div>\n","protected":false},"excerpt":{"rendered":"<p>Was ist Biodanza Biodanza wurde in den 60er Jahren vom chilenischen P\u00e4dagogen, Psychologen, Anthropologen und K\u00fcnstler Prof. Rolando Toro begr\u00fcndet. Er verband uraltes Wissen \u00fcber die Heil- und Ausdruckskraft des Tanzes mit neuen wissenschaftlichen Erkenntnissen. Biodanza zu beschreiben, ist genauso schwer, wie Liebe oder Lebenskunst zu beschreiben. Nur durch Erleben kann ich die gesamte Bedeutung [&hellip;]<\/p>\n","protected":false},"author":1,"featured_media":0,"parent":0,"menu_order":0,"comment_status":"closed","ping_status":"closed","template":"page-no-title","meta":{"footnotes":""},"class_list":["post-26","page","type-page","status-publish","hentry"],"_links":{"self":[{"href":"https:\/\/biodanza.com\/2023\/wp-json\/wp\/v2\/pages\/26","targetHints":{"allow":["GET"]}}],"collection":[{"href":"https:\/\/biodanza.com\/2023\/wp-json\/wp\/v2\/pages"}],"about":[{"href":"https:\/\/biodanza.com\/2023\/wp-json\/wp\/v2\/types\/page"}],"author":[{"embeddable":true,"href":"https:\/\/biodanza.com\/2023\/wp-json\/wp\/v2\/users\/1"}],"replies":[{"embeddable":true,"href":"https:\/\/biodanza.com\/2023\/wp-json\/wp\/v2\/comments?post=26"}],"version-history":[{"count":201,"href":"https:\/\/biodanza.com\/2023\/wp-json\/wp\/v2\/pages\/26\/revisions"}],"predecessor-version":[{"id":318,"href":"https:\/\/biodanza.com\/2023\/wp-json\/wp\/v2\/pages\/26\/revisions\/318"}],"wp:attachment":[{"href":"https:\/\/biodanza.com\/2023\/wp-json\/wp\/v2\/media?parent=26"}],"curies":[{"name":"wp","href":"https:\/\/api.w.org\/{rel}","templated":true}]}}